{"id":112,"date":"2025-10-24T08:57:03","date_gmt":"2025-10-24T08:57:03","guid":{"rendered":"https:\/\/pizzeriamario.es\/index.php\/events\/"},"modified":"2025-11-10T09:16:53","modified_gmt":"2025-11-10T09:16:53","slug":"showcooking","status":"publish","type":"page","link":"https:\/\/pizzeriamario.es\/index.php\/showcooking\/","title":{"rendered":"Showcooking"},"content":{"rendered":"\t\t<div data-elementor-type=\"wp-page\" data-elementor-id=\"112\" class=\"elementor elementor-112\" data-elementor-post-type=\"page\">\n\t\t\t\t<div class=\"elementor-element elementor-element-15db965 e-con-full e-flex e-con e-parent\" data-id=\"15db965\" data-element_type=\"container\" data-e-type=\"container\">\n\t\t<div class=\"elementor-element elementor-element-54a8a72d e-con-full e-flex e-con e-child\" data-id=\"54a8a72d\" data-element_type=\"container\" data-e-type=\"container\">\n\t\t\t\t<div class=\"elementor-element elementor-element-446911f0 elementor-widget elementor-widget-image\" data-id=\"446911f0\" data-element_type=\"widget\" data-e-type=\"widget\" data-widget_type=\"image.default\">\n\t\t\t\t\t\t\t\t\t\t\t\t\t\t\t<img alt=\"\" fetchpriority=\"high\" decoding=\"async\" width=\"1020\" height=\"700\" src=\"https:\/\/pizzeriamario.es\/wp-content\/uploads\/2025\/11\/Showcooking-1-2.webp\" class=\"attachment-full size-full wp-image-619\" alt=\"\" srcset=\"https:\/\/pizzeriamario.es\/wp-content\/uploads\/2025\/11\/Showcooking-1-2.webp 1020w, https:\/\/pizzeriamario.es\/wp-content\/uploads\/2025\/11\/Showcooking-1-2-300x206.webp 300w, https:\/\/pizzeriamario.es\/wp-content\/uploads\/2025\/11\/Showcooking-1-2-768x527.webp 768w\" sizes=\"(max-width: 1020px) 100vw, 1020px\" \/>\t\t\t\t\t\t\t\t\t\t\t\t\t\t\t<\/div>\n\t\t\t\t<\/div>\n\t\t<div class=\"elementor-element elementor-element-16415c52 e-con-full e-flex e-con e-child\" data-id=\"16415c52\" data-element_type=\"container\" data-e-type=\"container\">\n\t\t\t\t<div class=\"elementor-element elementor-element-567cc517 elementor-widget elementor-widget-heading\" data-id=\"567cc517\" data-element_type=\"widget\" data-e-type=\"widget\" data-widget_type=\"heading.default\">\n\t\t\t\t\t<h3 class=\"elementor-heading-title elementor-size-default\">Vive la experiencia<\/h3>\t\t\t\t<\/div>\n\t\t\t\t<div class=\"elementor-element elementor-element-1904f731 elementor-widget elementor-widget-heading\" data-id=\"1904f731\" data-element_type=\"widget\" data-e-type=\"widget\" data-widget_type=\"heading.default\">\n\t\t\t\t\t<h2 class=\"elementor-heading-title elementor-size-default\">SHOWCOOKING<\/h2>\t\t\t\t<\/div>\n\t\t\t\t<div class=\"elementor-element elementor-element-6ebc2627 elementor-widget elementor-widget-text-editor\" data-id=\"6ebc2627\" data-element_type=\"widget\" data-e-type=\"widget\" data-widget_type=\"text-editor.default\">\n\t\t\t\t\t\t\t\t\t<p>Disfruta de una experiencia gastron\u00f3mica diferente, donde la cocina se convierte en espect\u00e1culo.<\/p><p>Nuestro servicio de <em data-start=\"338\" data-end=\"351\"><strong>showcooking<\/strong><strong> de pizzas<\/strong><\/em>, lleva la esencia de Pizzer\u00eda Mario a bodas, eventos y celebraciones privadas, combinando sabor, t\u00e9cnica y diversi\u00f3n en directo.<\/p><p>Cada pizza se prepara al momento, frente a tus invitados, con la calidad y cercan\u00eda que nos caracteriza desde hace m\u00e1s de 20 a\u00f1os.<\/p>\t\t\t\t\t\t\t\t<\/div>\n\t\t\t\t<\/div>\n\t\t\t\t<\/div>\n\t\t<div class=\"elementor-element elementor-element-78edb5c3 e-flex e-con-boxed e-con e-parent\" data-id=\"78edb5c3\" data-element_type=\"container\" data-e-type=\"container\">\n\t\t\t\t\t<div class=\"e-con-inner\">\n\t\t\t\t<div class=\"elementor-element elementor-element-45341f0 elementor-widget elementor-widget-image\" data-id=\"45341f0\" data-element_type=\"widget\" data-e-type=\"widget\" data-settings=\"{&quot;motion_fx_motion_fx_scrolling&quot;:&quot;yes&quot;,&quot;motion_fx_translateY_effect&quot;:&quot;yes&quot;,&quot;motion_fx_translateY_direction&quot;:&quot;negative&quot;,&quot;motion_fx_translateY_speed&quot;:{&quot;unit&quot;:&quot;px&quot;,&quot;size&quot;:&quot;1&quot;,&quot;sizes&quot;:[]},&quot;motion_fx_devices&quot;:[&quot;desktop&quot;,&quot;tablet&quot;],&quot;motion_fx_translateY_affectedRange&quot;:{&quot;unit&quot;:&quot;%&quot;,&quot;size&quot;:&quot;&quot;,&quot;sizes&quot;:{&quot;start&quot;:0,&quot;end&quot;:100}}}\" data-widget_type=\"image.default\">\n\t\t\t\t\t\t\t\t\t\t\t\t\t\t\t<img alt=\"\" decoding=\"async\" width=\"500\" height=\"650\" src=\"https:\/\/pizzeriamario.es\/wp-content\/uploads\/2025\/11\/Showcooking-2-2.webp\" class=\"attachment-full size-full wp-image-620\" alt=\"\" srcset=\"https:\/\/pizzeriamario.es\/wp-content\/uploads\/2025\/11\/Showcooking-2-2.webp 500w, https:\/\/pizzeriamario.es\/wp-content\/uploads\/2025\/11\/Showcooking-2-2-231x300.webp 231w\" sizes=\"(max-width: 500px) 100vw, 500px\" \/>\t\t\t\t\t\t\t\t\t\t\t\t\t\t\t<\/div>\n\t\t\t\t<div class=\"elementor-element elementor-element-6b491393 elementor-widget elementor-widget-image\" data-id=\"6b491393\" data-element_type=\"widget\" data-e-type=\"widget\" data-settings=\"{&quot;motion_fx_motion_fx_scrolling&quot;:&quot;yes&quot;,&quot;motion_fx_translateY_effect&quot;:&quot;yes&quot;,&quot;motion_fx_translateY_speed&quot;:{&quot;unit&quot;:&quot;px&quot;,&quot;size&quot;:&quot;1&quot;,&quot;sizes&quot;:[]},&quot;motion_fx_devices&quot;:[&quot;desktop&quot;,&quot;tablet&quot;],&quot;motion_fx_translateY_affectedRange&quot;:{&quot;unit&quot;:&quot;%&quot;,&quot;size&quot;:&quot;&quot;,&quot;sizes&quot;:{&quot;start&quot;:0,&quot;end&quot;:100}}}\" data-widget_type=\"image.default\">\n\t\t\t\t\t\t\t\t\t\t\t\t\t\t\t<img alt=\"\" decoding=\"async\" width=\"500\" height=\"650\" src=\"https:\/\/pizzeriamario.es\/wp-content\/uploads\/2025\/11\/Showcooking-3-1.webp\" class=\"attachment-full size-full wp-image-621\" alt=\"\" srcset=\"https:\/\/pizzeriamario.es\/wp-content\/uploads\/2025\/11\/Showcooking-3-1.webp 500w, https:\/\/pizzeriamario.es\/wp-content\/uploads\/2025\/11\/Showcooking-3-1-231x300.webp 231w\" sizes=\"(max-width: 500px) 100vw, 500px\" \/>\t\t\t\t\t\t\t\t\t\t\t\t\t\t\t<\/div>\n\t\t\t\t<div class=\"elementor-element elementor-element-74dcee1 elementor-widget elementor-widget-image\" data-id=\"74dcee1\" data-element_type=\"widget\" data-e-type=\"widget\" data-settings=\"{&quot;motion_fx_motion_fx_scrolling&quot;:&quot;yes&quot;,&quot;motion_fx_translateY_effect&quot;:&quot;yes&quot;,&quot;motion_fx_translateY_direction&quot;:&quot;negative&quot;,&quot;motion_fx_translateY_speed&quot;:{&quot;unit&quot;:&quot;px&quot;,&quot;size&quot;:&quot;1&quot;,&quot;sizes&quot;:[]},&quot;motion_fx_devices&quot;:[&quot;desktop&quot;,&quot;tablet&quot;],&quot;motion_fx_translateY_affectedRange&quot;:{&quot;unit&quot;:&quot;%&quot;,&quot;size&quot;:&quot;&quot;,&quot;sizes&quot;:{&quot;start&quot;:0,&quot;end&quot;:100}}}\" data-widget_type=\"image.default\">\n\t\t\t\t\t\t\t\t\t\t\t\t\t\t\t<img alt=\"\" loading=\"lazy\" decoding=\"async\" width=\"500\" height=\"650\" src=\"https:\/\/pizzeriamario.es\/wp-content\/uploads\/2025\/11\/Showcooking-4-1.webp\" class=\"attachment-full size-full wp-image-622\" alt=\"\" srcset=\"https:\/\/pizzeriamario.es\/wp-content\/uploads\/2025\/11\/Showcooking-4-1.webp 500w, https:\/\/pizzeriamario.es\/wp-content\/uploads\/2025\/11\/Showcooking-4-1-231x300.webp 231w\" sizes=\"(max-width: 500px) 100vw, 500px\" \/>\t\t\t\t\t\t\t\t\t\t\t\t\t\t\t<\/div>\n\t\t\t\t\t<\/div>\n\t\t\t\t<\/div>\n\t\t<div class=\"elementor-element elementor-element-7205175c e-flex e-con-boxed e-con e-parent\" data-id=\"7205175c\" data-element_type=\"container\" data-e-type=\"container\">\n\t\t\t\t\t<div class=\"e-con-inner\">\n\t\t<div class=\"elementor-element elementor-element-3300de6b e-flex e-con-boxed e-con e-child\" data-id=\"3300de6b\" data-element_type=\"container\" data-e-type=\"container\">\n\t\t\t\t\t<div class=\"e-con-inner\">\n\t\t\t\t<div class=\"elementor-element elementor-element-3b87ea0 elementor-widget elementor-widget-heading\" data-id=\"3b87ea0\" data-element_type=\"widget\" data-e-type=\"widget\" data-widget_type=\"heading.default\">\n\t\t\t\t\t<h3 class=\"elementor-heading-title elementor-size-default\">Perfecto para tus eventos<\/h3>\t\t\t\t<\/div>\n\t\t\t\t<div class=\"elementor-element elementor-element-11dc88a3 elementor-widget elementor-widget-heading\" data-id=\"11dc88a3\" data-element_type=\"widget\" data-e-type=\"widget\" data-widget_type=\"heading.default\">\n\t\t\t\t\t<h2 class=\"elementor-heading-title elementor-size-default\">SHOWCOOKING DE PIZZAS<\/h2>\t\t\t\t<\/div>\n\t\t\t\t\t<\/div>\n\t\t\t\t<\/div>\n\t\t<div class=\"elementor-element elementor-element-21629559 e-con-full e-flex e-con e-child\" data-id=\"21629559\" data-element_type=\"container\" data-e-type=\"container\">\n\t\t<div class=\"elementor-element elementor-element-70d1b4da e-con-full e-flex e-con e-child\" data-id=\"70d1b4da\" data-element_type=\"container\" data-e-type=\"container\">\n\t\t\t\t<div class=\"elementor-element elementor-element-70c78e2 elementor-widget elementor-widget-image\" data-id=\"70c78e2\" data-element_type=\"widget\" data-e-type=\"widget\" data-settings=\"{&quot;motion_fx_motion_fx_scrolling&quot;:&quot;yes&quot;,&quot;motion_fx_translateY_effect&quot;:&quot;yes&quot;,&quot;motion_fx_translateY_direction&quot;:&quot;negative&quot;,&quot;motion_fx_translateY_speed&quot;:{&quot;unit&quot;:&quot;px&quot;,&quot;size&quot;:0.5,&quot;sizes&quot;:[]},&quot;motion_fx_devices&quot;:[&quot;desktop&quot;,&quot;tablet&quot;],&quot;motion_fx_translateY_affectedRange&quot;:{&quot;unit&quot;:&quot;%&quot;,&quot;size&quot;:&quot;&quot;,&quot;sizes&quot;:{&quot;start&quot;:&quot;0&quot;,&quot;end&quot;:&quot;50&quot;}}}\" data-widget_type=\"image.default\">\n\t\t\t\t\t\t\t\t\t\t\t\t\t\t\t<img alt=\"\" loading=\"lazy\" decoding=\"async\" width=\"729\" height=\"550\" src=\"https:\/\/pizzeriamario.es\/wp-content\/uploads\/2025\/11\/Showcooking-5-1.webp\" class=\"attachment-full size-full wp-image-623\" alt=\"\" srcset=\"https:\/\/pizzeriamario.es\/wp-content\/uploads\/2025\/11\/Showcooking-5-1.webp 729w, https:\/\/pizzeriamario.es\/wp-content\/uploads\/2025\/11\/Showcooking-5-1-300x226.webp 300w\" sizes=\"(max-width: 729px) 100vw, 729px\" \/>\t\t\t\t\t\t\t\t\t\t\t\t\t\t\t<\/div>\n\t\t\t\t<\/div>\n\t\t<div class=\"elementor-element elementor-element-155f6c10 e-con-full e-flex e-con e-child\" data-id=\"155f6c10\" data-element_type=\"container\" data-e-type=\"container\">\n\t\t\t\t<div class=\"elementor-element elementor-element-d133cf elementor-widget elementor-widget-text-editor\" data-id=\"d133cf\" data-element_type=\"widget\" data-e-type=\"widget\" data-widget_type=\"text-editor.default\">\n\t\t\t\t\t\t\t\t\t<p>Sorprende a tus invitados con pizzas artesanas elaboradas en directo.<\/p><p>Un formato original, din\u00e1mico y lleno de sabor para bodas, celebraciones y eventos privados.<\/p>\t\t\t\t\t\t\t\t<\/div>\n\t\t\t\t<div class=\"elementor-element elementor-element-967b11b elementor-align-left elementor-mobile-align-center elementor-tablet-align-center elementor-widget elementor-widget-button\" data-id=\"967b11b\" data-element_type=\"widget\" data-e-type=\"widget\" data-widget_type=\"button.default\">\n\t\t\t\t\t\t\t\t\t\t<a class=\"elementor-button elementor-button-link elementor-size-sm\" href=\"http:\/\/wa.me\/695606218\">\n\t\t\t\t\t\t<span class=\"elementor-button-content-wrapper\">\n\t\t\t\t\t\t<span class=\"elementor-button-icon\">\n\t\t\t\t<svg aria-hidden=\"true\" class=\"e-font-icon-svg e-fas-angle-right\" viewBox=\"0 0 256 512\" xmlns=\"http:\/\/www.w3.org\/2000\/svg\"><path d=\"M224.3 273l-136 136c-9.4 9.4-24.6 9.4-33.9 0l-22.6-22.6c-9.4-9.4-9.4-24.6 0-33.9l96.4-96.4-96.4-96.4c-9.4-9.4-9.4-24.6 0-33.9L54.3 103c9.4-9.4 24.6-9.4 33.9 0l136 136c9.5 9.4 9.5 24.6.1 34z\"><\/path><\/svg>\t\t\t<\/span>\n\t\t\t\t\t\t\t\t\t<span class=\"elementor-button-text\">M\u00c1S INFORMACI\u00d3N<\/span>\n\t\t\t\t\t<\/span>\n\t\t\t\t\t<\/a>\n\t\t\t\t\t\t\t\t<\/div>\n\t\t\t\t<\/div>\n\t\t\t\t<\/div>\n\t\t\t\t\t<\/div>\n\t\t\t\t<\/div>\n\t\t<div class=\"elementor-element elementor-element-7175685f e-flex e-con-boxed e-con e-parent\" data-id=\"7175685f\" data-element_type=\"container\" data-e-type=\"container\">\n\t\t\t\t\t<div class=\"e-con-inner\">\n\t\t<div class=\"elementor-element elementor-element-e48beaa e-con-full e-flex e-con e-child\" data-id=\"e48beaa\" data-element_type=\"container\" data-e-type=\"container\">\n\t\t\t\t<div class=\"elementor-element elementor-element-5d315ac4 elementor-widget elementor-widget-heading\" data-id=\"5d315ac4\" data-element_type=\"widget\" data-e-type=\"widget\" data-widget_type=\"heading.default\">\n\t\t\t\t\t<h4 class=\"elementor-heading-title elementor-size-default\">AUT\u00c9NTICAS<\/h4>\t\t\t\t<\/div>\n\t\t\t\t<div class=\"elementor-element elementor-element-25bdf684 elementor-widget elementor-widget-text-editor\" data-id=\"25bdf684\" data-element_type=\"widget\" data-e-type=\"widget\" data-widget_type=\"text-editor.default\">\n\t\t\t\t\t\t\t\t\t<p data-start=\"188\" data-end=\"292\">Pizzas elaboradas con masa artesanal y productos frescos, preparadas en el momento por nuestro equipo.<\/p>\t\t\t\t\t\t\t\t<\/div>\n\t\t\t\t<\/div>\n\t\t<div class=\"elementor-element elementor-element-f7c7a18 e-con-full e-flex e-con e-child\" data-id=\"f7c7a18\" data-element_type=\"container\" data-e-type=\"container\">\n\t\t\t\t<div class=\"elementor-element elementor-element-f936e2b elementor-widget elementor-widget-heading\" data-id=\"f936e2b\" data-element_type=\"widget\" data-e-type=\"widget\" data-widget_type=\"heading.default\">\n\t\t\t\t\t<h4 class=\"elementor-heading-title elementor-size-default\">ESPECIAL<\/h4>\t\t\t\t<\/div>\n\t\t\t\t<div class=\"elementor-element elementor-element-7443fa32 elementor-widget elementor-widget-text-editor\" data-id=\"7443fa32\" data-element_type=\"widget\" data-e-type=\"widget\" data-widget_type=\"text-editor.default\">\n\t\t\t\t\t\t\t\t\t<p data-start=\"312\" data-end=\"422\">Cada evento es \u00fanico. Adaptamos nuestro <em data-start=\"352\" data-end=\"365\">showcooking<\/em> al espacio, n\u00famero de invitados y tipo de celebraci\u00f3n.<\/p>\t\t\t\t\t\t\t\t<\/div>\n\t\t\t\t<\/div>\n\t\t<div class=\"elementor-element elementor-element-78131c73 e-con-full e-flex e-con e-child\" data-id=\"78131c73\" data-element_type=\"container\" data-e-type=\"container\">\n\t\t\t\t<div class=\"elementor-element elementor-element-4c9f1e10 elementor-widget elementor-widget-heading\" data-id=\"4c9f1e10\" data-element_type=\"widget\" data-e-type=\"widget\" data-widget_type=\"heading.default\">\n\t\t\t\t\t<h4 class=\"elementor-heading-title elementor-size-default\">A MEDIDA<\/h4>\t\t\t\t<\/div>\n\t\t\t\t<div class=\"elementor-element elementor-element-14ff6328 elementor-widget elementor-widget-text-editor\" data-id=\"14ff6328\" data-element_type=\"widget\" data-e-type=\"widget\" data-widget_type=\"text-editor.default\">\n\t\t\t\t\t\t\t\t\t<p data-start=\"443\" data-end=\"552\">Ideal tanto para grandes eventos como para reuniones peque\u00f1as, creando un ambiente cercano y participativo.<\/p>\t\t\t\t\t\t\t\t<\/div>\n\t\t\t\t<\/div>\n\t\t\t\t\t<\/div>\n\t\t\t\t<\/div>\n\t\t\t\t<\/div>\n\t\t","protected":false},"excerpt":{"rendered":"<p>Vive la experiencia SHOWCOOKING Disfruta de una experiencia gastron\u00f3mica diferente, donde la cocina se convierte en espect\u00e1culo. Nuestro servicio de [&hellip;]<\/p>\n","protected":false},"author":1,"featured_media":0,"parent":0,"menu_order":0,"comment_status":"closed","ping_status":"closed","template":"elementor_header_footer","meta":{"_seopress_robots_primary_cat":"","_seopress_titles_title":"","_seopress_titles_desc":"","_seopress_robots_index":"","site-sidebar-layout":"default","site-content-layout":"","ast-site-content-layout":"default","site-content-style":"default","site-sidebar-style":"default","ast-global-header-display":"","ast-banner-title-visibility":"","ast-main-header-display":"","ast-hfb-above-header-display":"","ast-hfb-below-header-display":"","ast-hfb-mobile-header-display":"","site-post-title":"","ast-breadcrumbs-content":"","ast-featured-img":"","footer-sml-layout":"","ast-disable-related-posts":"","theme-transparent-header-meta":"","adv-header-id-meta":"","stick-header-meta":"","header-above-stick-meta":"","header-main-stick-meta":"","header-below-stick-meta":"","astra-migrate-meta-layouts":"default","ast-page-background-enabled":"default","ast-page-background-meta":{"desktop":{"background-color":"var(--ast-global-color-5)","background-image":"","background-repeat":"repeat","background-position":"center center","background-size":"auto","background-attachment":"scroll","background-type":"","background-media":"","overlay-type":"","overlay-color":"","overlay-opacity":"","overlay-gradient":""},"tablet":{"background-color":"","background-image":"","background-repeat":"repeat","background-position":"center center","background-size":"auto","background-attachment":"scroll","background-type":"","background-media":"","overlay-type":"","overlay-color":"","overlay-opacity":"","overlay-gradient":""},"mobile":{"background-color":"","background-image":"","background-repeat":"repeat","background-position":"center center","background-size":"auto","background-attachment":"scroll","background-type":"","background-media":"","overlay-type":"","overlay-color":"","overlay-opacity":"","overlay-gradient":""}},"ast-content-background-meta":{"desktop":{"background-color":"var(--ast-global-color-4)","background-image":"","background-repeat":"repeat","background-position":"center center","background-size":"auto","background-attachment":"scroll","background-type":"","background-media":"","overlay-type":"","overlay-color":"","overlay-opacity":"","overlay-gradient":""},"tablet":{"background-color":"var(--ast-global-color-4)","background-image":"","background-repeat":"repeat","background-position":"center center","background-size":"auto","background-attachment":"scroll","background-type":"","background-media":"","overlay-type":"","overlay-color":"","overlay-opacity":"","overlay-gradient":""},"mobile":{"background-color":"var(--ast-global-color-4)","background-image":"","background-repeat":"repeat","background-position":"center center","background-size":"auto","background-attachment":"scroll","background-type":"","background-media":"","overlay-type":"","overlay-color":"","overlay-opacity":"","overlay-gradient":""}},"footnotes":""},"class_list":["post-112","page","type-page","status-publish","hentry"],"_links":{"self":[{"href":"https:\/\/pizzeriamario.es\/index.php\/wp-json\/wp\/v2\/pages\/112","targetHints":{"allow":["GET"]}}],"collection":[{"href":"https:\/\/pizzeriamario.es\/index.php\/wp-json\/wp\/v2\/pages"}],"about":[{"href":"https:\/\/pizzeriamario.es\/index.php\/wp-json\/wp\/v2\/types\/page"}],"author":[{"embeddable":true,"href":"https:\/\/pizzeriamario.es\/index.php\/wp-json\/wp\/v2\/users\/1"}],"replies":[{"embeddable":true,"href":"https:\/\/pizzeriamario.es\/index.php\/wp-json\/wp\/v2\/comments?post=112"}],"version-history":[{"count":50,"href":"https:\/\/pizzeriamario.es\/index.php\/wp-json\/wp\/v2\/pages\/112\/revisions"}],"predecessor-version":[{"id":859,"href":"https:\/\/pizzeriamario.es\/index.php\/wp-json\/wp\/v2\/pages\/112\/revisions\/859"}],"wp:attachment":[{"href":"https:\/\/pizzeriamario.es\/index.php\/wp-json\/wp\/v2\/media?parent=112"}],"curies":[{"name":"wp","href":"https:\/\/api.w.org\/{rel}","templated":true}]}}