{"id":148,"date":"2025-10-24T08:57:11","date_gmt":"2025-10-24T08:57:11","guid":{"rendered":"https:\/\/pizzeriamario.es\/index.php\/about\/"},"modified":"2025-11-06T12:26:52","modified_gmt":"2025-11-06T12:26:52","slug":"historia","status":"publish","type":"page","link":"https:\/\/pizzeriamario.es\/index.php\/historia\/","title":{"rendered":"Historia"},"content":{"rendered":"\t\t<div data-elementor-type=\"wp-page\" data-elementor-id=\"148\" class=\"elementor elementor-148\" data-elementor-post-type=\"page\">\n\t\t\t\t<div class=\"elementor-element elementor-element-2a319b9e e-flex e-con-boxed e-con e-parent\" data-id=\"2a319b9e\" data-element_type=\"container\" data-e-type=\"container\">\n\t\t\t\t\t<div class=\"e-con-inner\">\n\t\t<div class=\"elementor-element elementor-element-2974186a e-flex e-con-boxed e-con e-child\" data-id=\"2974186a\" data-element_type=\"container\" data-e-type=\"container\">\n\t\t\t\t\t<div class=\"e-con-inner\">\n\t\t\t\t<div class=\"elementor-element elementor-element-62d13d7 elementor-widget elementor-widget-heading\" data-id=\"62d13d7\" data-element_type=\"widget\" data-e-type=\"widget\" data-widget_type=\"heading.default\">\n\t\t\t\t\t<h3 class=\"elementor-heading-title elementor-size-default\">Desde 2003<\/h3>\t\t\t\t<\/div>\n\t\t\t\t<div class=\"elementor-element elementor-element-6328f1e6 elementor-widget elementor-widget-heading\" data-id=\"6328f1e6\" data-element_type=\"widget\" data-e-type=\"widget\" data-widget_type=\"heading.default\">\n\t\t\t\t\t<h2 class=\"elementor-heading-title elementor-size-default\">Una historia con sabor a familia<\/h2>\t\t\t\t<\/div>\n\t\t\t\t\t<\/div>\n\t\t\t\t<\/div>\n\t\t<div class=\"elementor-element elementor-element-1812499b e-con-full e-flex e-con e-child\" data-id=\"1812499b\" data-element_type=\"container\" data-e-type=\"container\">\n\t\t<div class=\"elementor-element elementor-element-32713a0d e-con-full e-flex e-con e-child\" data-id=\"32713a0d\" data-element_type=\"container\" data-e-type=\"container\">\n\t\t\t\t<div class=\"elementor-element elementor-element-2ed49c48 elementor-widget elementor-widget-image\" data-id=\"2ed49c48\" data-element_type=\"widget\" data-e-type=\"widget\" data-settings=\"{&quot;motion_fx_motion_fx_scrolling&quot;:&quot;yes&quot;,&quot;motion_fx_translateY_effect&quot;:&quot;yes&quot;,&quot;motion_fx_translateY_direction&quot;:&quot;negative&quot;,&quot;motion_fx_translateY_speed&quot;:{&quot;unit&quot;:&quot;px&quot;,&quot;size&quot;:&quot;1.5&quot;,&quot;sizes&quot;:[]},&quot;motion_fx_devices&quot;:[&quot;desktop&quot;,&quot;tablet&quot;],&quot;motion_fx_translateY_affectedRange&quot;:{&quot;unit&quot;:&quot;%&quot;,&quot;size&quot;:&quot;&quot;,&quot;sizes&quot;:{&quot;start&quot;:&quot;0&quot;,&quot;end&quot;:&quot;50&quot;}}}\" data-widget_type=\"image.default\">\n\t\t\t\t\t\t\t\t\t\t\t\t\t\t\t<img alt=\"\" fetchpriority=\"high\" decoding=\"async\" width=\"729\" height=\"550\" src=\"https:\/\/pizzeriamario.es\/wp-content\/uploads\/2025\/11\/Foto-1.2-historia.webp\" class=\"attachment-full size-full wp-image-598\" alt=\"\" srcset=\"https:\/\/pizzeriamario.es\/wp-content\/uploads\/2025\/11\/Foto-1.2-historia.webp 729w, https:\/\/pizzeriamario.es\/wp-content\/uploads\/2025\/11\/Foto-1.2-historia-300x226.webp 300w\" sizes=\"(max-width: 729px) 100vw, 729px\" \/>\t\t\t\t\t\t\t\t\t\t\t\t\t\t\t<\/div>\n\t\t\t\t<\/div>\n\t\t<div class=\"elementor-element elementor-element-589e3495 e-con-full e-flex e-con e-child\" data-id=\"589e3495\" data-element_type=\"container\" data-e-type=\"container\">\n\t\t\t\t<div class=\"elementor-element elementor-element-119faae3 elementor-widget elementor-widget-text-editor\" data-id=\"119faae3\" data-element_type=\"widget\" data-e-type=\"widget\" data-widget_type=\"text-editor.default\">\n\t\t\t\t\t\t\t\t\t<p>En 2003 una pareja de novios se embarcaron en crear un nuevo negocio en su localidad, Las Cabezas de San Juan (Sevilla).<\/p><p>Mario al frente y como cara visible del negocio ten\u00eda una idea en mente que percat\u00f3 en negocios de otra comarca y que vi\u00f3 la posibilidad de implantarlo en su localidad junto a la que hoy en d\u00eda es su mujer, Ana Mari con un toque personal.<\/p><p>Pizzer\u00eda Burguer Mario naci\u00f3 con ayuda de familiares y amigos que pusieron su granito de arena en la medida de lo posible para que el negocio fuera cogiendo forma, y as\u00ed fue cre\u00e1ndose una idea de negocio que pronto cumple los 23 a\u00f1os de historia.<\/p><p>En 2016 tuvo la incorporaci\u00f3n de un socio que trabajo en Pizzer\u00eda con solo 13 a\u00f1os, vecino de pizzer\u00eda, amigo de Mario y su familia, Jes\u00fas.<\/p>\t\t\t\t\t\t\t\t<\/div>\n\t\t\t\t<\/div>\n\t\t\t\t<\/div>\n\t\t\t\t\t<\/div>\n\t\t\t\t<\/div>\n\t\t<div class=\"elementor-element elementor-element-2b8688fd e-con-full e-flex e-con e-parent\" data-id=\"2b8688fd\" data-element_type=\"container\" data-e-type=\"container\">\n\t\t<div class=\"elementor-element elementor-element-3965f8f e-con-full e-flex e-con e-child\" data-id=\"3965f8f\" data-element_type=\"container\" data-e-type=\"container\">\n\t\t\t\t<div class=\"elementor-element elementor-element-0a807c6 elementor-widget elementor-widget-text-editor\" data-id=\"0a807c6\" data-element_type=\"widget\" data-e-type=\"widget\" data-widget_type=\"text-editor.default\">\n\t\t\t\t\t\t\t\t\t<p>Hay algo que caracteriza a este negocio, y es la calidad y el servicio al cliente adem\u00e1s de un servicio a domicilio excelente.<br \/>\u00abNuestra prioridad siempre es el cliente y atender cualquier anomal\u00eda que pueda tener para subsanarla lo m\u00e1s breve posible\u00bb<\/p><p>Seguimos creando y avanzando para ofrecer a nuestros clientes de siempre y a los nuevos un servicio excelente y una Carta actualizada, la cual actualmente consta de m\u00e1s de 250 productos.<\/p><p>\u00a1Buen provecho! Pasen y vean&#8230;<\/p>\t\t\t\t\t\t\t\t<\/div>\n\t\t\t\t<\/div>\n\t\t<div class=\"elementor-element elementor-element-4215bd7c e-con-full e-flex e-con e-child\" data-id=\"4215bd7c\" data-element_type=\"container\" data-e-type=\"container\">\n\t\t\t\t<div class=\"elementor-element elementor-element-5c93aebc elementor-widget elementor-widget-image\" data-id=\"5c93aebc\" data-element_type=\"widget\" data-e-type=\"widget\" data-settings=\"{&quot;motion_fx_motion_fx_scrolling&quot;:&quot;yes&quot;,&quot;motion_fx_translateY_effect&quot;:&quot;yes&quot;,&quot;motion_fx_translateY_direction&quot;:&quot;negative&quot;,&quot;motion_fx_translateY_speed&quot;:{&quot;unit&quot;:&quot;px&quot;,&quot;size&quot;:&quot;1&quot;,&quot;sizes&quot;:[]},&quot;motion_fx_devices&quot;:[&quot;desktop&quot;,&quot;tablet&quot;],&quot;motion_fx_translateY_affectedRange&quot;:{&quot;unit&quot;:&quot;%&quot;,&quot;size&quot;:&quot;&quot;,&quot;sizes&quot;:{&quot;start&quot;:0,&quot;end&quot;:100}}}\" data-widget_type=\"image.default\">\n\t\t\t\t\t\t\t\t\t\t\t\t\t\t\t<img alt=\"\" decoding=\"async\" width=\"491\" height=\"635\" src=\"https:\/\/pizzeriamario.es\/wp-content\/uploads\/2025\/11\/Historia-1webp.webp\" class=\"attachment-full size-full wp-image-706\" alt=\"\" srcset=\"https:\/\/pizzeriamario.es\/wp-content\/uploads\/2025\/11\/Historia-1webp.webp 491w, https:\/\/pizzeriamario.es\/wp-content\/uploads\/2025\/11\/Historia-1webp-232x300.webp 232w\" sizes=\"(max-width: 491px) 100vw, 491px\" \/>\t\t\t\t\t\t\t\t\t\t\t\t\t\t\t<\/div>\n\t\t\t\t<div class=\"elementor-element elementor-element-320c0ab8 elementor-widget elementor-widget-image\" data-id=\"320c0ab8\" data-element_type=\"widget\" data-e-type=\"widget\" data-settings=\"{&quot;motion_fx_motion_fx_scrolling&quot;:&quot;yes&quot;,&quot;motion_fx_translateY_effect&quot;:&quot;yes&quot;,&quot;motion_fx_translateY_speed&quot;:{&quot;unit&quot;:&quot;px&quot;,&quot;size&quot;:&quot;1&quot;,&quot;sizes&quot;:[]},&quot;motion_fx_devices&quot;:[&quot;desktop&quot;,&quot;tablet&quot;],&quot;motion_fx_translateY_affectedRange&quot;:{&quot;unit&quot;:&quot;%&quot;,&quot;size&quot;:&quot;&quot;,&quot;sizes&quot;:{&quot;start&quot;:0,&quot;end&quot;:100}}}\" data-widget_type=\"image.default\">\n\t\t\t\t\t\t\t\t\t\t\t\t\t\t\t<img alt=\"\" decoding=\"async\" width=\"491\" height=\"635\" src=\"https:\/\/pizzeriamario.es\/wp-content\/uploads\/2025\/11\/Foto-3.3-historia.webp\" class=\"attachment-full size-full wp-image-601\" alt=\"\" srcset=\"https:\/\/pizzeriamario.es\/wp-content\/uploads\/2025\/11\/Foto-3.3-historia.webp 491w, https:\/\/pizzeriamario.es\/wp-content\/uploads\/2025\/11\/Foto-3.3-historia-232x300.webp 232w\" sizes=\"(max-width: 491px) 100vw, 491px\" \/>\t\t\t\t\t\t\t\t\t\t\t\t\t\t\t<\/div>\n\t\t\t\t<\/div>\n\t\t\t\t<\/div>\n\t\t\t\t<\/div>\n\t\t","protected":false},"excerpt":{"rendered":"<p>Desde 2003 Una historia con sabor a familia En 2003 una pareja de novios se embarcaron en crear un nuevo [&hellip;]<\/p>\n","protected":false},"author":1,"featured_media":0,"parent":0,"menu_order":0,"comment_status":"closed","ping_status":"closed","template":"elementor_header_footer","meta":{"_seopress_robots_primary_cat":"","_seopress_titles_title":"","_seopress_titles_desc":"","_seopress_robots_index":"","site-sidebar-layout":"default","site-content-layout":"","ast-site-content-layout":"default","site-content-style":"default","site-sidebar-style":"default","ast-global-header-display":"","ast-banner-title-visibility":"","ast-main-header-display":"","ast-hfb-above-header-display":"","ast-hfb-below-header-display":"","ast-hfb-mobile-header-display":"","site-post-title":"","ast-breadcrumbs-content":"","ast-featured-img":"","footer-sml-layout":"","ast-disable-related-posts":"","theme-transparent-header-meta":"","adv-header-id-meta":"","stick-header-meta":"","header-above-stick-meta":"","header-main-stick-meta":"","header-below-stick-meta":"","astra-migrate-meta-layouts":"default","ast-page-background-enabled":"default","ast-page-background-meta":{"desktop":{"background-color":"var(--ast-global-color-5)","background-image":"","background-repeat":"repeat","background-position":"center center","background-size":"auto","background-attachment":"scroll","background-type":"","background-media":"","overlay-type":"","overlay-color":"","overlay-opacity":"","overlay-gradient":""},"tablet":{"background-color":"","background-image":"","background-repeat":"repeat","background-position":"center center","background-size":"auto","background-attachment":"scroll","background-type":"","background-media":"","overlay-type":"","overlay-color":"","overlay-opacity":"","overlay-gradient":""},"mobile":{"background-color":"","background-image":"","background-repeat":"repeat","background-position":"center center","background-size":"auto","background-attachment":"scroll","background-type":"","background-media":"","overlay-type":"","overlay-color":"","overlay-opacity":"","overlay-gradient":""}},"ast-content-background-meta":{"desktop":{"background-color":"var(--ast-global-color-4)","background-image":"","background-repeat":"repeat","background-position":"center center","background-size":"auto","background-attachment":"scroll","background-type":"","background-media":"","overlay-type":"","overlay-color":"","overlay-opacity":"","overlay-gradient":""},"tablet":{"background-color":"var(--ast-global-color-4)","background-image":"","background-repeat":"repeat","background-position":"center center","background-size":"auto","background-attachment":"scroll","background-type":"","background-media":"","overlay-type":"","overlay-color":"","overlay-opacity":"","overlay-gradient":""},"mobile":{"background-color":"var(--ast-global-color-4)","background-image":"","background-repeat":"repeat","background-position":"center center","background-size":"auto","background-attachment":"scroll","background-type":"","background-media":"","overlay-type":"","overlay-color":"","overlay-opacity":"","overlay-gradient":""}},"footnotes":""},"class_list":["post-148","page","type-page","status-publish","hentry"],"_links":{"self":[{"href":"https:\/\/pizzeriamario.es\/index.php\/wp-json\/wp\/v2\/pages\/148","targetHints":{"allow":["GET"]}}],"collection":[{"href":"https:\/\/pizzeriamario.es\/index.php\/wp-json\/wp\/v2\/pages"}],"about":[{"href":"https:\/\/pizzeriamario.es\/index.php\/wp-json\/wp\/v2\/types\/page"}],"author":[{"embeddable":true,"href":"https:\/\/pizzeriamario.es\/index.php\/wp-json\/wp\/v2\/users\/1"}],"replies":[{"embeddable":true,"href":"https:\/\/pizzeriamario.es\/index.php\/wp-json\/wp\/v2\/comments?post=148"}],"version-history":[{"count":51,"href":"https:\/\/pizzeriamario.es\/index.php\/wp-json\/wp\/v2\/pages\/148\/revisions"}],"predecessor-version":[{"id":709,"href":"https:\/\/pizzeriamario.es\/index.php\/wp-json\/wp\/v2\/pages\/148\/revisions\/709"}],"wp:attachment":[{"href":"https:\/\/pizzeriamario.es\/index.php\/wp-json\/wp\/v2\/media?parent=148"}],"curies":[{"name":"wp","href":"https:\/\/api.w.org\/{rel}","templated":true}]}}